{"id":29259,"date":"2026-04-23T19:32:30","date_gmt":"2026-04-23T19:32:30","guid":{"rendered":"https:\/\/dazzling-mayer.213-165-79-66.plesk.page\/?page_id=29259"},"modified":"2026-04-24T19:03:58","modified_gmt":"2026-04-24T19:03:58","slug":"blog-2","status":"publish","type":"page","link":"https:\/\/dazzling-mayer.213-165-79-66.plesk.page\/index.php\/blog-2\/","title":{"rendered":"Blog"},"content":{"rendered":"\t\t<div data-elementor-type=\"wp-page\" data-elementor-id=\"29259\" class=\"elementor elementor-29259\" data-elementor-post-type=\"page\">\n\t\t\t\t<div class=\"elementor-element elementor-element-e81117b e-con-full e-flex e-con e-parent\" data-id=\"e81117b\" data-element_type=\"container\" data-e-type=\"container\">\n\t\t\t\t<div class=\"elementor-element elementor-element-a8ad336 elementor-widget elementor-widget-image\" data-id=\"a8ad336\" data-element_type=\"widget\" data-e-type=\"widget\" data-widget_type=\"image.default\">\n\t\t\t\t\t\t\t\t\t\t\t\t\t\t\t<img decoding=\"async\" src=\"https:\/\/dazzling-mayer.213-165-79-66.plesk.page\/wp-content\/uploads\/2026\/04\/imagen-para-el-blog-de-KiFlash.png\" title=\"imagen-para-el-blog-de-KiFlash\" alt=\"imagen-para-el-blog-de-KiFlash\" loading=\"lazy\" \/>\t\t\t\t\t\t\t\t\t\t\t\t\t\t\t<\/div>\n\t\t\t\t<\/div>\n\t\t<div class=\"wd-negative-gap elementor-element elementor-element-ae25b76 e-flex e-con-boxed e-con e-parent\" data-id=\"ae25b76\" data-element_type=\"container\" data-e-type=\"container\">\n\t\t\t\t\t<div class=\"e-con-inner\">\n\t\t\t\t<div class=\"elementor-element elementor-element-029cec1 color-scheme-inherit text-left elementor-widget elementor-widget-text-editor\" data-id=\"029cec1\" data-element_type=\"widget\" data-e-type=\"widget\" data-widget_type=\"text-editor.default\">\n\t\t\t\t\t\t\t\t\t<p>Ideas cortas. Energ\u00eda directa. Retos que te hacen pensar.<\/p><p>\u00bfQuieres recibirlo en tu email? Suscr\u00edbete al newsletter y te lo enviaremos una vez a la semana.<\/p><p>Cada semana publicamos p\u00edldoras de motivaci\u00f3n, trucos para gestionar tu energ\u00eda, historias reales de personas que se retaron a s\u00ed mismas\u2026 y lo consiguieron.<\/p><p>No es teor\u00eda, es acci\u00f3n real.<\/p>\t\t\t\t\t\t\t\t<\/div>\n\t\t\t\t\t<\/div>\n\t\t\t\t<\/div>\n\t\t<div class=\"wd-negative-gap elementor-element elementor-element-e53338f e-flex e-con-boxed e-con e-parent\" data-id=\"e53338f\" data-element_type=\"container\" data-e-type=\"container\">\n\t\t\t\t\t<div class=\"e-con-inner\">\n\t\t\t\t<div class=\"elementor-element elementor-element-423e105 color-scheme-inherit text-left elementor-widget elementor-widget-text-editor\" data-id=\"423e105\" data-element_type=\"widget\" data-e-type=\"widget\" data-widget_type=\"text-editor.default\">\n\t\t\t\t\t\t\t\t\t<p><strong>\u00daltimos art\u00edculos destacados:<\/strong><\/p><ul><li>\ud83d\udfe2 \u201cC\u00f3mo un reto al d\u00eda cambia tu mentalidad\u201d<\/li><li>\ud83d\udfe2 \u201cEl poder de la respiraci\u00f3n consciente antes de actuar\u201d<\/li><li>\ud83d\udfe2 \u201cHistorias reales: superar obst\u00e1culos con energ\u00eda KiFlash\u201d<\/li><\/ul>\t\t\t\t\t\t\t\t<\/div>\n\t\t\t\t\t<\/div>\n\t\t\t\t<\/div>\n\t\t\t\t<\/div>\n\t\t","protected":false},"excerpt":{"rendered":"<p>Ideas cortas. Energ\u00eda directa. Retos que te hacen pensar. \u00bfQuieres recibirlo en tu email? Suscr\u00edbete al newsletter y te lo<\/p>\n","protected":false},"author":1,"featured_media":0,"parent":0,"menu_order":0,"comment_status":"closed","ping_status":"closed","template":"","meta":{"footnotes":""},"class_list":["post-29259","page","type-page","status-publish","hentry"],"_links":{"self":[{"href":"https:\/\/dazzling-mayer.213-165-79-66.plesk.page\/index.php\/wp-json\/wp\/v2\/pages\/29259","targetHints":{"allow":["GET"]}}],"collection":[{"href":"https:\/\/dazzling-mayer.213-165-79-66.plesk.page\/index.php\/wp-json\/wp\/v2\/pages"}],"about":[{"href":"https:\/\/dazzling-mayer.213-165-79-66.plesk.page\/index.php\/wp-json\/wp\/v2\/types\/page"}],"author":[{"embeddable":true,"href":"https:\/\/dazzling-mayer.213-165-79-66.plesk.page\/index.php\/wp-json\/wp\/v2\/users\/1"}],"replies":[{"embeddable":true,"href":"https:\/\/dazzling-mayer.213-165-79-66.plesk.page\/index.php\/wp-json\/wp\/v2\/comments?post=29259"}],"version-history":[{"count":20,"href":"https:\/\/dazzling-mayer.213-165-79-66.plesk.page\/index.php\/wp-json\/wp\/v2\/pages\/29259\/revisions"}],"predecessor-version":[{"id":29302,"href":"https:\/\/dazzling-mayer.213-165-79-66.plesk.page\/index.php\/wp-json\/wp\/v2\/pages\/29259\/revisions\/29302"}],"wp:attachment":[{"href":"https:\/\/dazzling-mayer.213-165-79-66.plesk.page\/index.php\/wp-json\/wp\/v2\/media?parent=29259"}],"curies":[{"name":"wp","href":"https:\/\/api.w.org\/{rel}","templated":true}]}}