{"id":29451,"date":"2026-04-30T22:32:03","date_gmt":"2026-04-30T22:32:03","guid":{"rendered":"https:\/\/dazzling-mayer.213-165-79-66.plesk.page\/?page_id=29451"},"modified":"2026-05-04T12:18:11","modified_gmt":"2026-05-04T12:18:11","slug":"sobre-kiflash","status":"publish","type":"page","link":"https:\/\/dazzling-mayer.213-165-79-66.plesk.page\/index.php\/sobre-kiflash\/","title":{"rendered":"Sobre KiFlash"},"content":{"rendered":"\t\t<div data-elementor-type=\"wp-page\" data-elementor-id=\"29451\" class=\"elementor elementor-29451\" data-elementor-post-type=\"page\">\n\t\t\t\t<div class=\"wd-negative-gap elementor-element elementor-element-660b9d7 e-flex e-con-boxed e-con e-parent\" data-id=\"660b9d7\" data-element_type=\"container\" data-e-type=\"container\">\n\t\t\t\t\t<div class=\"e-con-inner\">\n\t\t<div class=\"elementor-element elementor-element-73682e0 e-con-full e-flex e-con e-child\" data-id=\"73682e0\" data-element_type=\"container\" data-e-type=\"container\" data-settings=\"{&quot;background_background&quot;:&quot;classic&quot;}\">\n\t\t\t\t<div class=\"elementor-element elementor-element-02e741b elementor-widget elementor-widget-heading\" data-id=\"02e741b\" data-element_type=\"widget\" data-e-type=\"widget\" data-widget_type=\"heading.default\">\n\t\t\t\t\t<h2 class=\"elementor-heading-title elementor-size-default\">\u00b7 ESENCIA \u00b7<\/h2>\t\t\t\t<\/div>\n\t\t\t\t<\/div>\n\t\t\t\t<div class=\"elementor-element elementor-element-9431d31 color-scheme-inherit text-left elementor-widget elementor-widget-text-editor\" data-id=\"9431d31\" data-element_type=\"widget\" data-e-type=\"widget\" data-widget_type=\"text-editor.default\">\n\t\t\t\t\t\t\t\t\t<p style=\"font-weight: 400;\">Nuestro nombre une dos ideas esenciales: \u201cKi\u201d, palabra japonesa asociada a la energ\u00eda vital, y \u201cFlash\u201d, ese instante de activaci\u00f3n, claridad o impulso que puede cambiar tu estado interior. Creemos que una inspiraci\u00f3n profunda puede devolverte calma, enfoque y motivaci\u00f3n justo cuando m\u00e1s lo necesitas. Somos un equipo de personas curiosas y creativas, unidas por una idea sencilla:a: <strong>todos crecemos cuando convertimos los obst\u00e1culos en retos y los retos en oportunidades.<\/strong><\/p><p style=\"font-weight: 400;\">KiFlash nace para acompa\u00f1arte en ese proceso.<\/p>\t\t\t\t\t\t\t\t<\/div>\n\t\t\t\t\t<\/div>\n\t\t\t\t<\/div>\n\t\t<div class=\"wd-negative-gap elementor-element elementor-element-9b209ee e-flex e-con-boxed e-con e-parent\" data-id=\"9b209ee\" data-element_type=\"container\" data-e-type=\"container\" data-settings=\"{&quot;background_background&quot;:&quot;classic&quot;}\">\n\t\t\t\t\t<div class=\"e-con-inner\">\n\t\t<div class=\"elementor-element elementor-element-c24ff8d e-con-full e-flex e-con e-child\" data-id=\"c24ff8d\" data-element_type=\"container\" data-e-type=\"container\">\n\t\t\t\t<div class=\"elementor-element elementor-element-f048277 elementor-widget elementor-widget-image\" data-id=\"f048277\" data-element_type=\"widget\" data-e-type=\"widget\" data-widget_type=\"image.default\">\n\t\t\t\t\t\t\t\t\t\t\t\t\t\t\t<img loading=\"lazy\" decoding=\"async\" width=\"1200\" height=\"800\" src=\"https:\/\/dazzling-mayer.213-165-79-66.plesk.page\/wp-content\/uploads\/2026\/04\/mujer-joven-con-el-pelo-largo-y-rojo-en-un-vestido-de-lino-reuniendo-setas-en-el-bosque-scaled-1-1200x800.jpg\" class=\"attachment-large size-large wp-image-29476\" alt=\"\" srcset=\"https:\/\/dazzling-mayer.213-165-79-66.plesk.page\/wp-content\/uploads\/2026\/04\/mujer-joven-con-el-pelo-largo-y-rojo-en-un-vestido-de-lino-reuniendo-setas-en-el-bosque-scaled-1-1200x800.jpg 1200w, https:\/\/dazzling-mayer.213-165-79-66.plesk.page\/wp-content\/uploads\/2026\/04\/mujer-joven-con-el-pelo-largo-y-rojo-en-un-vestido-de-lino-reuniendo-setas-en-el-bosque-scaled-1-400x267.jpg 400w, https:\/\/dazzling-mayer.213-165-79-66.plesk.page\/wp-content\/uploads\/2026\/04\/mujer-joven-con-el-pelo-largo-y-rojo-en-un-vestido-de-lino-reuniendo-setas-en-el-bosque-scaled-1-768x512.jpg 768w, https:\/\/dazzling-mayer.213-165-79-66.plesk.page\/wp-content\/uploads\/2026\/04\/mujer-joven-con-el-pelo-largo-y-rojo-en-un-vestido-de-lino-reuniendo-setas-en-el-bosque-scaled-1-1536x1024.jpg 1536w, https:\/\/dazzling-mayer.213-165-79-66.plesk.page\/wp-content\/uploads\/2026\/04\/mujer-joven-con-el-pelo-largo-y-rojo-en-un-vestido-de-lino-reuniendo-setas-en-el-bosque-scaled-1-2048x1366.jpg 2048w, https:\/\/dazzling-mayer.213-165-79-66.plesk.page\/wp-content\/uploads\/2026\/04\/mujer-joven-con-el-pelo-largo-y-rojo-en-un-vestido-de-lino-reuniendo-setas-en-el-bosque-scaled-1-430x287.jpg 430w, https:\/\/dazzling-mayer.213-165-79-66.plesk.page\/wp-content\/uploads\/2026\/04\/mujer-joven-con-el-pelo-largo-y-rojo-en-un-vestido-de-lino-reuniendo-setas-en-el-bosque-scaled-1-700x467.jpg 700w, https:\/\/dazzling-mayer.213-165-79-66.plesk.page\/wp-content\/uploads\/2026\/04\/mujer-joven-con-el-pelo-largo-y-rojo-en-un-vestido-de-lino-reuniendo-setas-en-el-bosque-scaled-1-150x100.jpg 150w\" sizes=\"auto, (max-width: 1200px) 100vw, 1200px\" \/>\t\t\t\t\t\t\t\t\t\t\t\t\t\t\t<\/div>\n\t\t\t\t<\/div>\n\t\t<div class=\"elementor-element elementor-element-31464ff e-con-full e-flex e-con e-child\" data-id=\"31464ff\" data-element_type=\"container\" data-e-type=\"container\">\n\t\t<div class=\"elementor-element elementor-element-56a9f49 e-con-full e-flex e-con e-child\" data-id=\"56a9f49\" data-element_type=\"container\" data-e-type=\"container\" data-settings=\"{&quot;background_background&quot;:&quot;classic&quot;}\">\n\t\t\t\t<div class=\"elementor-element elementor-element-64cd271 elementor-widget elementor-widget-heading\" data-id=\"64cd271\" data-element_type=\"widget\" data-e-type=\"widget\" data-widget_type=\"heading.default\">\n\t\t\t\t\t<h2 class=\"elementor-heading-title elementor-size-default\">\u00b7 MISI\u00d3N \u00b7<\/h2>\t\t\t\t<\/div>\n\t\t\t\t<\/div>\n\t\t\t\t<div class=\"elementor-element elementor-element-4ebf08d elementor-widget__width-initial color-scheme-inherit text-left elementor-widget elementor-widget-text-editor\" data-id=\"4ebf08d\" data-element_type=\"widget\" data-e-type=\"widget\" data-widget_type=\"text-editor.default\">\n\t\t\t\t\t\t\t\t\t<p style=\"font-weight: 400;\">Nuestra misi\u00f3n es ayudarte a recuperar claridad mental, equilibrio emocional y motivaci\u00f3n en cualquier momento del d\u00eda. Queremos darte una herramienta inmediata para:<\/p><ul style=\"font-weight: 400;\"><li>concentrarte cuando tu mente se dispersa<\/li><li>frenar impulsos emocionales como la ansiedad al comer<\/li><li>equilibrarte en momentos de tensi\u00f3n<\/li><li>activar tu energ\u00eda antes de un reto<\/li><li>volver a ti cada vez que lo necesites<\/li><\/ul><p style=\"font-weight: 400;\"><strong>KiFlash es claridad, calma y enfoque en segundos.<\/strong><\/p>\t\t\t\t\t\t\t\t<\/div>\n\t\t\t\t<\/div>\n\t\t\t\t\t<\/div>\n\t\t\t\t<\/div>\n\t\t<div class=\"wd-negative-gap elementor-element elementor-element-4be84d6 e-flex e-con-boxed e-con e-parent\" data-id=\"4be84d6\" data-element_type=\"container\" data-e-type=\"container\">\n\t\t\t\t\t<div class=\"e-con-inner\">\n\t\t<div class=\"elementor-element elementor-element-dfa8c91 e-con-full e-flex e-con e-child\" data-id=\"dfa8c91\" data-element_type=\"container\" data-e-type=\"container\" data-settings=\"{&quot;background_background&quot;:&quot;classic&quot;}\">\n\t\t<div class=\"elementor-element elementor-element-adcdfc3 e-con-full e-flex e-con e-child\" data-id=\"adcdfc3\" data-element_type=\"container\" data-e-type=\"container\" data-settings=\"{&quot;background_background&quot;:&quot;classic&quot;}\">\n\t\t\t\t<div class=\"elementor-element elementor-element-5d71ba8 elementor-widget elementor-widget-heading\" data-id=\"5d71ba8\" data-element_type=\"widget\" data-e-type=\"widget\" data-widget_type=\"heading.default\">\n\t\t\t\t\t<h2 class=\"elementor-heading-title elementor-size-default\">\u00b7 VISI\u00d3N \u00b7<\/h2>\t\t\t\t<\/div>\n\t\t\t\t<\/div>\n\t\t<div class=\"elementor-element elementor-element-3b4114b e-con-full e-flex e-con e-child\" data-id=\"3b4114b\" data-element_type=\"container\" data-e-type=\"container\" data-settings=\"{&quot;background_background&quot;:&quot;classic&quot;}\">\n\t\t\t\t<div class=\"elementor-element elementor-element-ad13c3a color-scheme-inherit text-left elementor-widget elementor-widget-text-editor\" data-id=\"ad13c3a\" data-element_type=\"widget\" data-e-type=\"widget\" data-widget_type=\"text-editor.default\">\n\t\t\t\t\t\t\t\t\t<p style=\"font-weight: 400;\">Visualizamos una comunidad global donde las personas avanzan, comparten y se inspiran mutuamente.<br \/>Un espacio donde la superaci\u00f3n personal no es perfecci\u00f3n, sino progreso.<br \/>Un lugar donde cada experiencia y cada reto superado puede iluminar el camino de otra persona.<\/p><p style=\"font-weight: 400;\"><span style=\"color: #3a6d69;\"><strong>Queremos que KiFlash no sea solo un producto, sino un movimiento que impulsa bienestar, amabilidad y prop\u00f3sito.<\/strong><\/span><\/p>\t\t\t\t\t\t\t\t<\/div>\n\t\t\t\t<\/div>\n\t\t\t\t<\/div>\n\t\t<div class=\"elementor-element elementor-element-cce7760 e-con-full e-flex e-con e-child\" data-id=\"cce7760\" data-element_type=\"container\" data-e-type=\"container\">\n\t\t\t\t<div class=\"elementor-element elementor-element-0fc36aa elementor-widget elementor-widget-image\" data-id=\"0fc36aa\" data-element_type=\"widget\" data-e-type=\"widget\" data-widget_type=\"image.default\">\n\t\t\t\t\t\t\t\t\t\t\t\t\t\t\t<img loading=\"lazy\" decoding=\"async\" width=\"1200\" height=\"800\" src=\"https:\/\/dazzling-mayer.213-165-79-66.plesk.page\/wp-content\/uploads\/2026\/04\/imagen-para-comunidad-kiChallenge-1200x800.jpg\" class=\"attachment-large size-large wp-image-29480\" alt=\"\" srcset=\"https:\/\/dazzling-mayer.213-165-79-66.plesk.page\/wp-content\/uploads\/2026\/04\/imagen-para-comunidad-kiChallenge-1200x800.jpg 1200w, https:\/\/dazzling-mayer.213-165-79-66.plesk.page\/wp-content\/uploads\/2026\/04\/imagen-para-comunidad-kiChallenge-400x267.jpg 400w, https:\/\/dazzling-mayer.213-165-79-66.plesk.page\/wp-content\/uploads\/2026\/04\/imagen-para-comunidad-kiChallenge-768x512.jpg 768w, https:\/\/dazzling-mayer.213-165-79-66.plesk.page\/wp-content\/uploads\/2026\/04\/imagen-para-comunidad-kiChallenge-430x287.jpg 430w, https:\/\/dazzling-mayer.213-165-79-66.plesk.page\/wp-content\/uploads\/2026\/04\/imagen-para-comunidad-kiChallenge-700x467.jpg 700w, https:\/\/dazzling-mayer.213-165-79-66.plesk.page\/wp-content\/uploads\/2026\/04\/imagen-para-comunidad-kiChallenge-150x100.jpg 150w, https:\/\/dazzling-mayer.213-165-79-66.plesk.page\/wp-content\/uploads\/2026\/04\/imagen-para-comunidad-kiChallenge.jpg 1300w\" sizes=\"auto, (max-width: 1200px) 100vw, 1200px\" \/>\t\t\t\t\t\t\t\t\t\t\t\t\t\t\t<\/div>\n\t\t\t\t<\/div>\n\t\t\t\t\t<\/div>\n\t\t\t\t<\/div>\n\t\t<div class=\"wd-negative-gap elementor-element elementor-element-dc45cdb e-flex e-con-boxed e-con e-parent\" data-id=\"dc45cdb\" data-element_type=\"container\" data-e-type=\"container\" data-settings=\"{&quot;background_background&quot;:&quot;classic&quot;}\">\n\t\t\t\t\t<div class=\"e-con-inner\">\n\t\t<div class=\"elementor-element elementor-element-708415b e-con-full e-flex e-con e-child\" data-id=\"708415b\" data-element_type=\"container\" data-e-type=\"container\" data-settings=\"{&quot;background_background&quot;:&quot;classic&quot;}\">\n\t\t<div class=\"elementor-element elementor-element-bd2dc4c e-flex e-con-boxed e-con e-child\" data-id=\"bd2dc4c\" data-element_type=\"container\" data-e-type=\"container\" data-settings=\"{&quot;background_background&quot;:&quot;classic&quot;}\">\n\t\t\t\t\t<div class=\"e-con-inner\">\n\t\t\t\t<div class=\"elementor-element elementor-element-1c7e81e elementor-widget elementor-widget-heading\" data-id=\"1c7e81e\" data-element_type=\"widget\" data-e-type=\"widget\" data-widget_type=\"heading.default\">\n\t\t\t\t\t<h2 class=\"elementor-heading-title elementor-size-default\">\u00b7 FILOSOF\u00cdA \u00b7<\/h2>\t\t\t\t<\/div>\n\t\t\t\t\t<\/div>\n\t\t\t\t<\/div>\n\t\t<div class=\"elementor-element elementor-element-4a86d58 e-con-full e-flex e-con e-child\" data-id=\"4a86d58\" data-element_type=\"container\" data-e-type=\"container\" data-settings=\"{&quot;background_background&quot;:&quot;classic&quot;}\">\n\t\t\t\t<div class=\"elementor-element elementor-element-cf6c9e0 color-scheme-inherit text-left elementor-widget elementor-widget-text-editor\" data-id=\"cf6c9e0\" data-element_type=\"widget\" data-e-type=\"widget\" data-widget_type=\"text-editor.default\">\n\t\t\t\t\t\t\t\t\t<p style=\"font-weight: 400;\"><strong>KiFlash es un ritual que inspira<\/strong><strong> buena energ\u00eda.<\/strong><\/p><p style=\"font-weight: 400;\">\u00b7 Un momento para bajar revoluciones y activar lo mejor de ti.<br \/>\u00b7 Para reconectar con tu cuerpo, tu mente y tus prioridades.<br \/>\u00b7 Para recordar que la felicidad no es un destino: <strong>es sentirte bien mientras avanzas en tus retos de salud, dinero y relaciones.<\/strong><\/p>\t\t\t\t\t\t\t\t<\/div>\n\t\t\t\t<\/div>\n\t\t\t\t<div class=\"elementor-element elementor-element-935d33e elementor-widget elementor-widget-image\" data-id=\"935d33e\" data-element_type=\"widget\" data-e-type=\"widget\" data-widget_type=\"image.default\">\n\t\t\t\t\t\t\t\t\t\t\t\t\t\t\t<img loading=\"lazy\" decoding=\"async\" width=\"1300\" height=\"491\" src=\"https:\/\/dazzling-mayer.213-165-79-66.plesk.page\/wp-content\/uploads\/2026\/04\/Captura-de-pantalla-2025-05-23-a-las-14.01.47-scaled-1-1300x491.png\" class=\"attachment-large size-large wp-image-29481\" alt=\"\" srcset=\"https:\/\/dazzling-mayer.213-165-79-66.plesk.page\/wp-content\/uploads\/2026\/04\/Captura-de-pantalla-2025-05-23-a-las-14.01.47-scaled-1-1300x491.png 1300w, https:\/\/dazzling-mayer.213-165-79-66.plesk.page\/wp-content\/uploads\/2026\/04\/Captura-de-pantalla-2025-05-23-a-las-14.01.47-scaled-1-400x151.png 400w, https:\/\/dazzling-mayer.213-165-79-66.plesk.page\/wp-content\/uploads\/2026\/04\/Captura-de-pantalla-2025-05-23-a-las-14.01.47-scaled-1-768x290.png 768w, https:\/\/dazzling-mayer.213-165-79-66.plesk.page\/wp-content\/uploads\/2026\/04\/Captura-de-pantalla-2025-05-23-a-las-14.01.47-scaled-1-1536x580.png 1536w, https:\/\/dazzling-mayer.213-165-79-66.plesk.page\/wp-content\/uploads\/2026\/04\/Captura-de-pantalla-2025-05-23-a-las-14.01.47-scaled-1-2048x774.png 2048w, https:\/\/dazzling-mayer.213-165-79-66.plesk.page\/wp-content\/uploads\/2026\/04\/Captura-de-pantalla-2025-05-23-a-las-14.01.47-scaled-1-430x162.png 430w, https:\/\/dazzling-mayer.213-165-79-66.plesk.page\/wp-content\/uploads\/2026\/04\/Captura-de-pantalla-2025-05-23-a-las-14.01.47-scaled-1-700x264.png 700w, https:\/\/dazzling-mayer.213-165-79-66.plesk.page\/wp-content\/uploads\/2026\/04\/Captura-de-pantalla-2025-05-23-a-las-14.01.47-scaled-1-150x57.png 150w\" sizes=\"auto, (max-width: 1300px) 100vw, 1300px\" \/>\t\t\t\t\t\t\t\t\t\t\t\t\t\t\t<\/div>\n\t\t\t\t<div class=\"elementor-element elementor-element-f73303e color-scheme-inherit text-left elementor-widget elementor-widget-text-editor\" data-id=\"f73303e\" data-element_type=\"widget\" data-e-type=\"widget\" data-widget_type=\"text-editor.default\">\n\t\t\t\t\t\t\t\t\t<p style=\"text-align: center;\"><span style=\"color: #75afab;\">Cada inhalaci\u00f3n es una peque\u00f1a victoria.<\/span> <span style=\"color: #75afab;\">Un recordatorio de que siempre puedes comenzar de nuevo.<\/span><\/p>\t\t\t\t\t\t\t\t<\/div>\n\t\t\t\t<\/div>\n\t\t\t\t\t<\/div>\n\t\t\t\t<\/div>\n\t\t<div class=\"wd-negative-gap elementor-element elementor-element-85e3859 e-flex e-con-boxed e-con e-parent\" data-id=\"85e3859\" data-element_type=\"container\" data-e-type=\"container\">\n\t\t\t\t\t<div class=\"e-con-inner\">\n\t\t\t\t<div class=\"elementor-element elementor-element-6c7c058 elementor-widget elementor-widget-heading\" data-id=\"6c7c058\" data-element_type=\"widget\" data-e-type=\"widget\" data-widget_type=\"heading.default\">\n\t\t\t\t\t<h2 class=\"elementor-heading-title elementor-size-default\">\u00a1\u00daNETE AL MOVIMIENTO KIFLASH!<\/h2>\t\t\t\t<\/div>\n\t\t\t\t<div class=\"elementor-element elementor-element-7370042 color-scheme-inherit text-left elementor-widget elementor-widget-text-editor\" data-id=\"7370042\" data-element_type=\"widget\" data-e-type=\"widget\" data-widget_type=\"text-editor.default\">\n\t\t\t\t\t\t\t\t\t<p style=\"font-weight: 400; text-align: center;\">Si te apasiona crecer y superarte, este es tu lugar.<\/p><p style=\"font-weight: 400; text-align: center;\">Cada semana compartimos ideas inspiradoras, aprendizajes y reflexiones para ayudarte a vivir mejor.<\/p><p style=\"font-weight: 400; text-align: center;\"><span style=\"color: #3a6d69;\"><strong>Deja tu email y forma parte de KiFlash.<\/strong><\/span><\/p>\t\t\t\t\t\t\t\t<\/div>\n\t\t\t\t\t<\/div>\n\t\t\t\t<\/div>\n\t\t<div class=\"wd-negative-gap elementor-element elementor-element-5daba5f e-flex e-con-boxed e-con e-parent\" data-id=\"5daba5f\" data-element_type=\"container\" data-e-type=\"container\">\n\t\t\t\t\t<div class=\"e-con-inner\">\n\t\t\t\t<div class=\"elementor-element elementor-element-699a247 elementor-widget elementor-widget-spacer\" data-id=\"699a247\" data-element_type=\"widget\" data-e-type=\"widget\" data-widget_type=\"spacer.default\">\n\t\t\t\t\t\t\t<div class=\"elementor-spacer\">\n\t\t\t<div class=\"elementor-spacer-inner\"><\/div>\n\t\t<\/div>\n\t\t\t\t\t\t<\/div>\n\t\t\t\t<div class=\"elementor-element elementor-element-88d64b1 elementor-widget elementor-widget-heading\" data-id=\"88d64b1\" data-element_type=\"widget\" data-e-type=\"widget\" data-widget_type=\"heading.default\">\n\t\t\t\t\t<h2 class=\"elementor-heading-title elementor-size-default\">Inspiration that powers you\u2122<\/h2>\t\t\t\t<\/div>\n\t\t\t\t\t<\/div>\n\t\t\t\t<\/div>\n\t\t\t\t<\/div>\n\t\t","protected":false},"excerpt":{"rendered":"<p>\u00b7 ESENCIA \u00b7 Nuestro nombre une dos ideas esenciales: \u201cKi\u201d, palabra japonesa asociada a la energ\u00eda vital, y \u201cFlash\u201d, ese<\/p>\n","protected":false},"author":1,"featured_media":0,"parent":0,"menu_order":0,"comment_status":"closed","ping_status":"closed","template":"","meta":{"footnotes":""},"class_list":["post-29451","page","type-page","status-publish","hentry"],"_links":{"self":[{"href":"https:\/\/dazzling-mayer.213-165-79-66.plesk.page\/index.php\/wp-json\/wp\/v2\/pages\/29451","targetHints":{"allow":["GET"]}}],"collection":[{"href":"https:\/\/dazzling-mayer.213-165-79-66.plesk.page\/index.php\/wp-json\/wp\/v2\/pages"}],"about":[{"href":"https:\/\/dazzling-mayer.213-165-79-66.plesk.page\/index.php\/wp-json\/wp\/v2\/types\/page"}],"author":[{"embeddable":true,"href":"https:\/\/dazzling-mayer.213-165-79-66.plesk.page\/index.php\/wp-json\/wp\/v2\/users\/1"}],"replies":[{"embeddable":true,"href":"https:\/\/dazzling-mayer.213-165-79-66.plesk.page\/index.php\/wp-json\/wp\/v2\/comments?post=29451"}],"version-history":[{"count":66,"href":"https:\/\/dazzling-mayer.213-165-79-66.plesk.page\/index.php\/wp-json\/wp\/v2\/pages\/29451\/revisions"}],"predecessor-version":[{"id":29591,"href":"https:\/\/dazzling-mayer.213-165-79-66.plesk.page\/index.php\/wp-json\/wp\/v2\/pages\/29451\/revisions\/29591"}],"wp:attachment":[{"href":"https:\/\/dazzling-mayer.213-165-79-66.plesk.page\/index.php\/wp-json\/wp\/v2\/media?parent=29451"}],"curies":[{"name":"wp","href":"https:\/\/api.w.org\/{rel}","templated":true}]}}