{"id":29446,"date":"2026-04-27T20:31:53","date_gmt":"2026-04-27T20:31:53","guid":{"rendered":"https:\/\/dazzling-mayer.213-165-79-66.plesk.page\/?post_type=product&#038;p=29446"},"modified":"2026-05-07T22:31:37","modified_gmt":"2026-05-07T22:31:37","slug":"stick-nasal","status":"publish","type":"product","link":"https:\/\/dazzling-mayer.213-165-79-66.plesk.page\/index.php\/producto\/stick-nasal\/","title":{"rendered":"Stick Nasal"},"content":{"rendered":"\t\t<div data-elementor-type=\"product-post\" data-elementor-id=\"29446\" class=\"elementor elementor-29446\" data-elementor-post-type=\"product\">\n\t\t\t\t<div class=\"wd-negative-gap elementor-element elementor-element-1edd167a e-flex e-con-boxed e-con e-parent\" data-id=\"1edd167a\" data-element_type=\"container\" data-e-type=\"container\">\n\t\t\t\t\t<div class=\"e-con-inner\">\n\t\t\t\t<div class=\"elementor-element elementor-element-122840d0 color-scheme-inherit text-left elementor-widget elementor-widget-text-editor\" data-id=\"122840d0\" data-element_type=\"widget\" data-e-type=\"widget\" data-widget_type=\"text-editor.default\">\n\t\t\t\t\t\t\t\t\t<p>\u2705\u202f<strong><span dir=\"auto\" style=\"vertical-align: inherit;\"><span dir=\"auto\" style=\"vertical-align: inherit;\">KiFlash Stick es un inhalador natural que combina 10 aceites esenciales 100% puros y org\u00e1nicos<\/span><\/span><\/strong><span dir=\"auto\" style=\"vertical-align: inherit;\"><span dir=\"auto\" style=\"vertical-align: inherit;\"> , formulados con precisi\u00f3n para ofrecer una experiencia sensorial intensa, revitalizante y equilibrada.<\/span><\/span><\/p><p>\u2705\u202f<strong><span dir=\"auto\" style=\"vertical-align: inherit;\"><span dir=\"auto\" style=\"vertical-align: inherit;\">Su f\u00f3rmula exclusiva ha sido desarrollada en proporciones exactas<\/span><\/span><\/strong><span dir=\"auto\" style=\"vertical-align: inherit;\"><span dir=\"auto\" style=\"vertical-align: inherit;\"> para resaltar el perfil arom\u00e1tico de cada ingrediente y lograr un efecto sin\u00e9rgico \u00fanico.<\/span><\/span><\/p><p>\u2705\u202f<strong><span dir=\"auto\" style=\"vertical-align: inherit;\"><span dir=\"auto\" style=\"vertical-align: inherit;\">A diferencia de perfumes o roll-ons \u2014que suelen llevar un 80 % de alcohol y est\u00e1n pensados \u200b\u200bpara aplicarse sobre la piel\u2014<\/span><\/span><\/strong><span dir=\"auto\" style=\"vertical-align: inherit;\"><span dir=\"auto\" style=\"vertical-align: inherit;\"> , KiFlash Stick no contiene alcohol y ha sido creado exclusivamente para ser inhalado. Esto permite que cada mol\u00e9cula act\u00fae sin diluciones ni interferencias, viajando directamente a trav\u00e9s de la nariz hacia el sistema nervioso, donde estimula \u00e1reas clave del estado mental y emocional.<\/span><\/span><\/p><hr \/><p><span dir=\"auto\" style=\"vertical-align: inherit;\"><span dir=\"auto\" style=\"vertical-align: inherit;\">En segundos, KiFlash puede ayudarte a:<\/span><\/span><\/p><p>\ud83e\udde0\u00a0<strong><span dir=\"auto\" style=\"vertical-align: inherit;\"><span dir=\"auto\" style=\"vertical-align: inherit;\">Sentir mayor claridad mental y foco real<\/span><\/span><\/strong><br \/><span dir=\"auto\" style=\"vertical-align: inherit;\"><span dir=\"auto\" style=\"vertical-align: inherit;\"> \u2192 Romero, menta y eucalipto aportan una sensaci\u00f3n estimulante que despeja la mente y favorece la concentraci\u00f3n.<\/span><\/span><\/p><p>\ud83c\udf4a\u00a0<strong><span dir=\"auto\" style=\"vertical-align: inherit;\"><span dir=\"auto\" style=\"vertical-align: inherit;\">Recuperar el equilibrio emocional<\/span><\/span><\/strong><br \/><span dir=\"auto\" style=\"vertical-align: inherit;\"><span dir=\"auto\" style=\"vertical-align: inherit;\"> \u2192 Lavanda, bergamota, petitgrain y naranja dulce crean un fondo de calma natural, ideal para momentos de tensi\u00f3n o inquietud.<\/span><\/span><\/p><p>\ud83c\udf7d\ufe0f\u00a0<strong><span dir=\"auto\" style=\"vertical-align: inherit;\"><span dir=\"auto\" style=\"vertical-align: inherit;\">Reducir el impulso de comer por ansiedad o costumbre<\/span><\/span><\/strong><br \/><span dir=\"auto\" style=\"vertical-align: inherit;\"><span dir=\"auto\" style=\"vertical-align: inherit;\"> \u2192 Pomelo, hinojo y menta aportan una sensaci\u00f3n de control y plenitud, especialmente \u00fatil en entornos con tentaciones o estr\u00e9s.<\/span><\/span><\/p><p>\ud83c\udf43\u00a0<strong><span dir=\"auto\" style=\"vertical-align: inherit;\"><span dir=\"auto\" style=\"vertical-align: inherit;\">Respirar m\u00e1s libremente<\/span><\/span><\/strong><br \/><span dir=\"auto\" style=\"vertical-align: inherit;\"><span dir=\"auto\" style=\"vertical-align: inherit;\"> \u2192 Mentol, romero y eucalipto generan una sensaci\u00f3n inmediata de frescor y ligereza al respirar.<\/span><\/span><\/p><p>\u26a1\ufe0f<span dir=\"auto\" style=\"vertical-align: inherit;\"><span dir=\"auto\" style=\"vertical-align: inherit;\">\ufe0f <\/span><strong><span dir=\"auto\" style=\"vertical-align: inherit;\">Recargar energ\u00eda de forma natural<\/span><\/strong><span dir=\"auto\" style=\"vertical-align: inherit;\"> \u2192 Menta, bergamota y c\u00edtricos revitalizan sin necesidad de cafe\u00edna ni estimulantes artificiales.<\/span><\/span><\/p><hr \/><p>\ud83d\udd2c\u00a0<strong><span dir=\"auto\" style=\"vertical-align: inherit;\"><span dir=\"auto\" style=\"vertical-align: inherit;\">No es magia. Es inspiraci\u00f3n con base cient\u00edfica en la naturaleza.<\/span><\/span><\/strong><br \/><span dir=\"auto\" style=\"vertical-align: inherit;\"><span dir=\"auto\" style=\"vertical-align: inherit;\"> Cada componente de KiFlash ha sido elegido por su perfil arom\u00e1tico y su tradici\u00f3n de uso en el bienestar emocional, mental y f\u00edsico. Lo que experimenta al inhalarlo es una combinaci\u00f3n sin\u00e9rgica de sensaciones que te invitan a reconectar contigo mismo, <\/span><\/span><strong><span dir=\"auto\" style=\"vertical-align: inherit;\"><span dir=\"auto\" style=\"vertical-align: inherit;\">a trav\u00e9s de algo tan poderoso (y olvidado) como el acto de inspirar con intenci\u00f3n.<\/span><\/span><\/strong><\/p><hr \/><p>\ud83c\udf31\u00a0<strong><span dir=\"auto\" style=\"vertical-align: inherit;\"><span dir=\"auto\" style=\"vertical-align: inherit;\">100 % natural \u00b7 Sin alcohol \u00b7 Sin perfumes sint\u00e9ticos \u00b7 Fabricado en Europa<\/span><\/span><\/strong><br \/><span dir=\"auto\" style=\"vertical-align: inherit;\"><span dir=\"auto\" style=\"vertical-align: inherit;\"> Apto para usar en cualquier momento del d\u00eda: antes de una reuni\u00f3n, al estudiar, tras una comida o en momentos de baj\u00f3n o descontrol emocional.<\/span><\/span><\/p><hr \/><p>\u26a0\ufe0f\u00a0<em><span dir=\"auto\" style=\"vertical-align: inherit;\"><span dir=\"auto\" style=\"vertical-align: inherit;\">Este producto est\u00e1 formulado para promover el bienestar general mediante aceites esenciales. No est\u00e1 destinado a diagnosticar, tratar ni curar ninguna enfermedad. Sus efectos pueden variar seg\u00fan la persona.<\/span><\/span><\/em><\/p>\t\t\t\t\t\t\t\t<\/div>\n\t\t\t\t<div class=\"elementor-element elementor-element-297c9bd elementor-widget-divider--view-line elementor-widget elementor-widget-divider\" data-id=\"297c9bd\" data-element_type=\"widget\" data-e-type=\"widget\" data-widget_type=\"divider.default\">\n\t\t\t\t\t\t\t<div class=\"elementor-divider\">\n\t\t\t<span class=\"elementor-divider-separator\">\n\t\t\t\t\t\t<\/span>\n\t\t<\/div>\n\t\t\t\t\t\t<\/div>\n\t\t\t\t\t<\/div>\n\t\t\t\t<\/div>\n\t\t\t\t<\/div>\n\t\t","protected":false},"excerpt":{"rendered":"<p>KiFlash combina aceites esenciales naturales y tecnolog\u00eda sensorial avanzada para ayudarte a respirar mejor, despejar tu mente y recuperar energ\u00eda de forma inmediata.<\/p>\n","protected":false},"featured_media":29627,"comment_status":"open","ping_status":"closed","template":"","meta":[],"product_brand":[],"product_cat":[23],"product_tag":[],"class_list":{"0":"post-29446","1":"product","2":"type-product","3":"status-publish","4":"has-post-thumbnail","6":"product_cat-accessories","8":"first","9":"instock","10":"shipping-taxable","11":"purchasable","12":"product-type-variable"},"_links":{"self":[{"href":"https:\/\/dazzling-mayer.213-165-79-66.plesk.page\/index.php\/wp-json\/wp\/v2\/product\/29446","targetHints":{"allow":["GET"]}}],"collection":[{"href":"https:\/\/dazzling-mayer.213-165-79-66.plesk.page\/index.php\/wp-json\/wp\/v2\/product"}],"about":[{"href":"https:\/\/dazzling-mayer.213-165-79-66.plesk.page\/index.php\/wp-json\/wp\/v2\/types\/product"}],"replies":[{"embeddable":true,"href":"https:\/\/dazzling-mayer.213-165-79-66.plesk.page\/index.php\/wp-json\/wp\/v2\/comments?post=29446"}],"version-history":[{"count":26,"href":"https:\/\/dazzling-mayer.213-165-79-66.plesk.page\/index.php\/wp-json\/wp\/v2\/product\/29446\/revisions"}],"predecessor-version":[{"id":29760,"href":"https:\/\/dazzling-mayer.213-165-79-66.plesk.page\/index.php\/wp-json\/wp\/v2\/product\/29446\/revisions\/29760"}],"wp:featuredmedia":[{"embeddable":true,"href":"https:\/\/dazzling-mayer.213-165-79-66.plesk.page\/index.php\/wp-json\/wp\/v2\/media\/29627"}],"wp:attachment":[{"href":"https:\/\/dazzling-mayer.213-165-79-66.plesk.page\/index.php\/wp-json\/wp\/v2\/media?parent=29446"}],"wp:term":[{"taxonomy":"product_brand","embeddable":true,"href":"https:\/\/dazzling-mayer.213-165-79-66.plesk.page\/index.php\/wp-json\/wp\/v2\/product_brand?post=29446"},{"taxonomy":"product_cat","embeddable":true,"href":"https:\/\/dazzling-mayer.213-165-79-66.plesk.page\/index.php\/wp-json\/wp\/v2\/product_cat?post=29446"},{"taxonomy":"product_tag","embeddable":true,"href":"https:\/\/dazzling-mayer.213-165-79-66.plesk.page\/index.php\/wp-json\/wp\/v2\/product_tag?post=29446"}],"curies":[{"name":"wp","href":"https:\/\/api.w.org\/{rel}","templated":true}]}}